{"id":14,"date":"2019-03-19T09:49:53","date_gmt":"2019-03-19T09:49:53","guid":{"rendered":"https:\/\/bendz.se\/public\/?page_id=14"},"modified":"2024-03-28T07:32:25","modified_gmt":"2024-03-28T05:32:25","slug":"johan-h-bendz","status":"publish","type":"page","link":"https:\/\/bendz.se\/public\/johan-h-bendz\/","title":{"rendered":"Johan H Bendz"},"content":{"rendered":"<p>[et_pb_section fb_built=&#8221;1&#8243; _builder_version=&#8221;4.16&#8243; global_colors_info=&#8221;{}&#8221;][et_pb_row _builder_version=&#8221;4.16&#8243; background_size=&#8221;initial&#8221; background_position=&#8221;top_left&#8221; background_repeat=&#8221;repeat&#8221; global_colors_info=&#8221;{}&#8221;][et_pb_column type=&#8221;4_4&#8243; _builder_version=&#8221;4.16&#8243; custom_padding=&#8221;|||&#8221; global_colors_info=&#8221;{}&#8221; custom_padding__hover=&#8221;|||&#8221;][et_pb_text _builder_version=&#8221;4.23.4&#8243; hover_enabled=&#8221;0&#8243; z_index_tablet=&#8221;500&#8243; text_text_shadow_horizontal_length_tablet=&#8221;0px&#8221; text_text_shadow_vertical_length_tablet=&#8221;0px&#8221; text_text_shadow_blur_strength_tablet=&#8221;1px&#8221; link_text_shadow_horizontal_length_tablet=&#8221;0px&#8221; link_text_shadow_vertical_length_tablet=&#8221;0px&#8221; link_text_shadow_blur_strength_tablet=&#8221;1px&#8221; ul_text_shadow_horizontal_length_tablet=&#8221;0px&#8221; ul_text_shadow_vertical_length_tablet=&#8221;0px&#8221; ul_text_shadow_blur_strength_tablet=&#8221;1px&#8221; ol_text_shadow_horizontal_length_tablet=&#8221;0px&#8221; ol_text_shadow_vertical_length_tablet=&#8221;0px&#8221; ol_text_shadow_blur_strength_tablet=&#8221;1px&#8221; quote_text_shadow_horizontal_length_tablet=&#8221;0px&#8221; quote_text_shadow_vertical_length_tablet=&#8221;0px&#8221; quote_text_shadow_blur_strength_tablet=&#8221;1px&#8221; header_text_shadow_horizontal_length_tablet=&#8221;0px&#8221; header_text_shadow_vertical_length_tablet=&#8221;0px&#8221; header_text_shadow_blur_strength_tablet=&#8221;1px&#8221; header_2_text_shadow_horizontal_length_tablet=&#8221;0px&#8221; header_2_text_shadow_vertical_length_tablet=&#8221;0px&#8221; header_2_text_shadow_blur_strength_tablet=&#8221;1px&#8221; header_3_text_shadow_horizontal_length_tablet=&#8221;0px&#8221; header_3_text_shadow_vertical_length_tablet=&#8221;0px&#8221; header_3_text_shadow_blur_strength_tablet=&#8221;1px&#8221; header_4_text_shadow_horizontal_length_tablet=&#8221;0px&#8221; header_4_text_shadow_vertical_length_tablet=&#8221;0px&#8221; header_4_text_shadow_blur_strength_tablet=&#8221;1px&#8221; header_5_text_shadow_horizontal_length_tablet=&#8221;0px&#8221; header_5_text_shadow_vertical_length_tablet=&#8221;0px&#8221; header_5_text_shadow_blur_strength_tablet=&#8221;1px&#8221; header_6_text_shadow_horizontal_length_tablet=&#8221;0px&#8221; header_6_text_shadow_vertical_length_tablet=&#8221;0px&#8221; header_6_text_shadow_blur_strength_tablet=&#8221;1px&#8221; box_shadow_horizontal_tablet=&#8221;0px&#8221; box_shadow_vertical_tablet=&#8221;0px&#8221; box_shadow_blur_tablet=&#8221;40px&#8221; box_shadow_spread_tablet=&#8221;0px&#8221; global_colors_info=&#8221;{}&#8221; sticky_enabled=&#8221;0&#8243;]<\/p>\n<h1><strong>Johan H Bendz<\/strong><\/h1>\n<hr \/>\n<p>Jag anv\u00e4nder bendz.se f\u00f6r att kunna ha en enkel och personlig epostadress: <a href=\"mailto:johan@bendz.se\">j<strong>ohan@bendz.se<\/strong><\/a><\/p>\n<p>Under varum\u00e4rket <a href=\"http:\/\/brametoder.se\"><strong>Bra metoder<\/strong><\/a> undervisar jag i kreativ probleml\u00f6sning. Jag \u00e4r av SIKT certifierad utbildare i metoder f\u00f6r Lateralt t\u00e4nkande och Parallellt t\u00e4nkande av Dr Edward de Bono.<\/p>\n<p>Sedan 1970-talet driver jag ljudfirman <a href=\"http:\/\/audiodeduct.se\"><strong>Audio Deduct<\/strong><\/a> som erbjuder tj\u00e4nster inom studio, PA och musikpublicering.<\/p>\n<p>Jag hj\u00e4lper ocks\u00e5 Chris med ljudteknik och webbutveckling f\u00f6r <a href=\"http:\/\/ising.se\"><strong>iSing<\/strong><\/a> och <a href=\"http:\/\/sangarpodden.se\"><strong>S\u00e5ngarpodden<\/strong><\/a>.<\/p>\n<h3>Kontaktuppgifter<\/h3>\n<p>Johan H Bendz, R\u00f6dbosundsv\u00e4gen 22, 184 60 \u00c5kersberga, 0737-384042<\/p>\n<p>&nbsp;<\/p>\n<p>[\/et_pb_text][\/et_pb_column][\/et_pb_row][\/et_pb_section]<\/p>\n","protected":false},"excerpt":{"rendered":"<p>Johan H Bendz Jag anv\u00e4nder bendz.se f\u00f6r att kunna ha en enkel och personlig epostadress: johan@bendz.se Under varum\u00e4rket Bra metoder undervisar jag i kreativ probleml\u00f6sning. Jag \u00e4r av SIKT certifierad utbildare i metoder f\u00f6r Lateralt t\u00e4nkande och Parallellt t\u00e4nkande av Dr Edward de Bono. Sedan 1970-talet driver jag ljudfirman Audio Deduct som erbjuder tj\u00e4nster inom [&hellip;]<\/p>\n","protected":false},"author":1,"featured_media":0,"parent":0,"menu_order":0,"comment_status":"closed","ping_status":"closed","template":"","meta":{"_et_pb_use_builder":"on","_et_pb_old_content":"","_et_gb_content_width":"","footnotes":""},"class_list":["post-14","page","type-page","status-publish","hentry"],"_links":{"self":[{"href":"https:\/\/bendz.se\/public\/wp-json\/wp\/v2\/pages\/14","targetHints":{"allow":["GET"]}}],"collection":[{"href":"https:\/\/bendz.se\/public\/wp-json\/wp\/v2\/pages"}],"about":[{"href":"https:\/\/bendz.se\/public\/wp-json\/wp\/v2\/types\/page"}],"author":[{"embeddable":true,"href":"https:\/\/bendz.se\/public\/wp-json\/wp\/v2\/users\/1"}],"replies":[{"embeddable":true,"href":"https:\/\/bendz.se\/public\/wp-json\/wp\/v2\/comments?post=14"}],"version-history":[{"count":8,"href":"https:\/\/bendz.se\/public\/wp-json\/wp\/v2\/pages\/14\/revisions"}],"predecessor-version":[{"id":376,"href":"https:\/\/bendz.se\/public\/wp-json\/wp\/v2\/pages\/14\/revisions\/376"}],"wp:attachment":[{"href":"https:\/\/bendz.se\/public\/wp-json\/wp\/v2\/media?parent=14"}],"curies":[{"name":"wp","href":"https:\/\/api.w.org\/{rel}","templated":true}]}}