{"id":18,"date":"2019-03-19T10:13:06","date_gmt":"2019-03-19T10:13:06","guid":{"rendered":"https:\/\/bendz.se\/public\/?page_id=18"},"modified":"2023-03-07T12:34:06","modified_gmt":"2023-03-07T10:34:06","slug":"chris-bendz","status":"publish","type":"page","link":"https:\/\/bendz.se\/public\/chris-bendz\/","title":{"rendered":"Chris Bendz"},"content":{"rendered":"<p>[et_pb_section fb_built=&#8221;1&#8243; _builder_version=&#8221;4.16&#8243; global_colors_info=&#8221;{}&#8221;][et_pb_row _builder_version=&#8221;4.16&#8243; background_size=&#8221;initial&#8221; background_position=&#8221;top_left&#8221; background_repeat=&#8221;repeat&#8221; global_colors_info=&#8221;{}&#8221;][et_pb_column type=&#8221;4_4&#8243; _builder_version=&#8221;4.16&#8243; custom_padding=&#8221;|||&#8221; global_colors_info=&#8221;{}&#8221; custom_padding__hover=&#8221;|||&#8221;][et_pb_text _builder_version=&#8221;4.19.4&#8243; hover_enabled=&#8221;0&#8243; global_colors_info=&#8221;{}&#8221; sticky_enabled=&#8221;0&#8243;]<\/p>\n<h1><strong>Chris Bendz<\/strong><\/h1>\n<p>Jag anv\u00e4nder bendz.se f\u00f6r att kunna ha en enkel och personlig e-postadress: <a href=\"mailto:chris@bendz.se\"><strong>chris@bendz.se<\/strong><\/a><\/p>\n<p>Bes\u00f6k min webbsida <a href=\"http:\/\/chrisbendz.se\"><strong>chrisbendz.se<\/strong><\/a> f\u00f6r mer info om mig och mina verksamheter.<\/p>\n<p>[\/et_pb_text][\/et_pb_column][\/et_pb_row][\/et_pb_section]<\/p>\n","protected":false},"excerpt":{"rendered":"<p>Chris Bendz Jag anv\u00e4nder bendz.se f\u00f6r att kunna ha en enkel och personlig e-postadress: chris@bendz.se Bes\u00f6k min webbsida chrisbendz.se f\u00f6r mer info om mig och mina verksamheter.<\/p>\n","protected":false},"author":1,"featured_media":0,"parent":0,"menu_order":0,"comment_status":"closed","ping_status":"closed","template":"","meta":{"_et_pb_use_builder":"on","_et_pb_old_content":"","_et_gb_content_width":"","footnotes":""},"class_list":["post-18","page","type-page","status-publish","hentry"],"_links":{"self":[{"href":"https:\/\/bendz.se\/public\/wp-json\/wp\/v2\/pages\/18","targetHints":{"allow":["GET"]}}],"collection":[{"href":"https:\/\/bendz.se\/public\/wp-json\/wp\/v2\/pages"}],"about":[{"href":"https:\/\/bendz.se\/public\/wp-json\/wp\/v2\/types\/page"}],"author":[{"embeddable":true,"href":"https:\/\/bendz.se\/public\/wp-json\/wp\/v2\/users\/1"}],"replies":[{"embeddable":true,"href":"https:\/\/bendz.se\/public\/wp-json\/wp\/v2\/comments?post=18"}],"version-history":[{"count":3,"href":"https:\/\/bendz.se\/public\/wp-json\/wp\/v2\/pages\/18\/revisions"}],"predecessor-version":[{"id":74,"href":"https:\/\/bendz.se\/public\/wp-json\/wp\/v2\/pages\/18\/revisions\/74"}],"wp:attachment":[{"href":"https:\/\/bendz.se\/public\/wp-json\/wp\/v2\/media?parent=18"}],"curies":[{"name":"wp","href":"https:\/\/api.w.org\/{rel}","templated":true}]}}